{"id":1234,"date":"2018-11-14T13:41:39","date_gmt":"2018-11-14T13:41:39","guid":{"rendered":"http:\/\/sw-themes.com\/porto_dummy\/?page_id=1234"},"modified":"2018-11-14T13:41:39","modified_gmt":"2018-11-14T13:41:39","slug":"meet-our-team","status":"publish","type":"page","link":"https:\/\/enlasys.net\/index.php\/meet-our-team\/","title":{"rendered":"Meet Our Team"},"content":{"rendered":"<p>[vc_row wrap_container=&#8221;yes&#8221; css=&#8221;.vc_custom_1543633105180{padding-top: 40px !important;}&#8221;][vc_column]<div class=\"porto-members porto-membersc556a7d409f96743afc591e8d94b7b9d wpb_content_element \">\n\t<div class=\"page-members clearfix \">\n\n\t\t\n\t\t\n\t\t\t\t\t<div class=\"member-row member-row-advanced\">\n\t\t\t<article class=\"post-48 member type-member status-publish has-post-thumbnail hentry member_cat-ceo\">\n\n\n\t\n\t\t\t<div class=\"member-overview row\">\n\t\t\t\t<div class=\"col-md-5 order-md-2 mb-4 mb-lg-0\">\n\t\t\t\t\t\t\t<div class=\"member-image single\">\n\t\t\t\t\t\t\t\t\t\t<div class=\"member-slideshow porto-carousel owl-carousel\">\n\t\t\t\t\t\t\t\t\t\t\t\t\t\t<div>\n\t\t\t\t\t\t\t\t\t<div class=\"img-thumbnail\">\n\t\t\t\t\t\t\t\t\t\t<img loading=\"lazy\" decoding=\"async\" width=\"591\" height=\"639\" src=\"https:\/\/enlasys.net\/wp-content\/uploads\/porto_placeholders\/100x108.jpg\" class=\"owl-lazy img-responsive\" alt=\"\" data-src=\"https:\/\/enlasys.net\/wp-content\/uploads\/2016\/06\/papa3.png\" srcset=\"https:\/\/enlasys.net\/wp-content\/uploads\/2016\/06\/papa3.png 591w, https:\/\/enlasys.net\/wp-content\/uploads\/2016\/06\/papa3-400x432.png 400w, https:\/\/enlasys.net\/wp-content\/uploads\/2016\/06\/papa3-367x397.png 367w\" sizes=\"auto, (max-width: 591px) 100vw, 591px\" \/>\t\t\t\t\t\t\t\t\t\t\t\t\t\t\t\t\t\t\t\t\t<span class=\"zoom\" data-src=\"https:\/\/enlasys.net\/wp-content\/uploads\/2016\/06\/papa3.png\" data-title=\"\"><i class=\"fas fa-search\"><\/i><\/span>\n\t\t\t\t\t\t\t\t\t\t\t\t\t\t\t\t\t\t\t\t\t\t\t<a class=\"link\" href=\"https:\/\/enlasys.net\/index.php\/member\/javier-acosta\/\"><i class=\"fas fa-link\"><\/i><\/a>\t\t\t\t\t\t\t\t\t\t\t\t\t\t\t\t\t\t\t<\/div>\n\t\t\t\t\t\t\t\t<\/div>\n\t\t\t\t\t\t\t\t\t\t\t\t\t<\/div>\n\t\t\t\t<\/div>\n\t\t\t\t\t\t\t\t<\/div>\n\t\t<div class=\"col-md-7\">\n\t\t\t\t\t\t\t\t<h2 class=\"entry-title shorter\"><strong>Javier Acosta<\/strong><\/h2>\n\t\t\t<span class=\"vcard\" style=\"display: none;\"><span class=\"fn\"><a href=\"https:\/\/enlasys.net\/index.php\/author\/ingedward\/\" title=\"Entradas de ingedward\" rel=\"author\">ingedward<\/a><\/span><\/span><span class=\"updated\" style=\"display:none\">2021-07-08T12:01:48-05:00<\/span>\t\t\t<h4 class=\"member-role\">Gerente Comercial<\/h4>\n\t\t\t\t\t\t<p class=\"lead\">Ingeniero de Sistemas con 30 a\u00f1os de experiencia en el dise\u00f1o e implementaci\u00f3n de sistemas de informaci\u00f3n en empresas manufactureras, constructor de proyectos integrales Administrativos - Contables - Tributarios. Especialista en manejo de bases de Datos relacionales y distribuidas.<\/p>\r\n\r\n<ul>\r\n \t<li>Asesor Senior sistemas BITRIX24.<\/li>\r\n \t<li>Implementador de modelos CRM, MRP.<\/li>\r\n \t<li>Desarrollos para el ERP Ofimatica en Visual Fox.<\/li>\r\n<\/ul>\t\t\t\t\t\t\t<hr class=\"tall\">\n\t\t\t\t\t\t<div class=\"row align-items-center\">\n\t\t\t\t\t\t\t<div class=\"col-lg-6\">\n\t\t\t\t\t\t\t\t\t<a target=\"_blank\" class=\"btn btn-dark btn-modern mb-3 mb-lg-0\" href=\"#\">Get In Touch<\/a>\n\t\t\t\t\t\t\t\t\t\t\t\t\t<a class=\"btn btn-primary btn-modern mb-3 mb-lg-0\" href=\"https:\/\/enlasys.net\/index.php\/member\/javier-acosta\/\">More<\/a>\n\t\t\t\t\t\t\t\t<\/div>\n\t\t\t\t\t\t\t\t\t\t<div class=\"col-lg-6 share-links-block d-flex justify-content-lg-end\">\n\t\t\t\t\t<h5>Follow Me<\/h5>\n\t\t\t\t\t<div class=\"member-share-links share-links\"><a href=\"https:\/\/www.facebook.com\/santi0212\/\" target=\"_blank\" data-tooltip data-placement=\"bottom\" title=\"Facebook\" class=\"share-facebook\">Facebook<\/a><a href=\"https:\/\/twitter.com\/Enlasysas\" target=\"_blank\" data-tooltip data-placement=\"bottom\" title=\"Twitter\" class=\"share-twitter\">Twitter<\/a><a href=\"https:\/\/www.linkedin.com\/in\/enlasys-sas-17b414180\/\"  target=\"_blank\" data-tooltip data-placement=\"bottom\" title=\"LinkedIn\" class=\"share-linkedin\">LinkedIn<\/a><a href=\"mailto:ventas@enlasys.net\" target=\"_blank\" data-tooltip data-placement=\"bottom\" title=\"Email\" class=\"share-email\">ventas@enlasys.net<\/a><a  href=\"https:\/\/www.instagram.com\/enlasys\/?hl=es-la\" target=\"_blank\" data-tooltip data-placement=\"bottom\" title=\"Instagram\" class=\"share-instagram\">Instagram<\/a><a href=\"whatsapp:\/\/send?text=+573023269261\" target=\"_blank\" data-tooltip data-placement=\"bottom\" title=\"WhatsApp\" class=\"share-whatsapp\" style=\"display:none\">WhatsApp<\/a><\/div>\t\t\t\t<\/div>\n\t\t\t\t\t\t<\/div>\n\t\t<\/div>\n\t<\/div>\n\t\t\t<\/article>\n<article class=\"post-46 member type-member status-publish has-post-thumbnail hentry member_cat-developer\">\n\n\n\t\n\t\t\t<div class=\"member-overview row\">\n\t\t\t\t<div class=\"col-md-5 mb-4 mb-lg-0\">\n\t\t\t\t\t\t\t<div class=\"member-image single\">\n\t\t\t\t\t\t\t\t\t\t<div class=\"member-slideshow porto-carousel owl-carousel\">\n\t\t\t\t\t\t\t\t\t\t\t\t\t\t<div>\n\t\t\t\t\t\t\t\t\t<div class=\"img-thumbnail\">\n\t\t\t\t\t\t\t\t\t\t<img loading=\"lazy\" decoding=\"async\" width=\"367\" height=\"367\" src=\"https:\/\/enlasys.net\/wp-content\/themes\/porto\/images\/lazy.png\" class=\"owl-lazy img-responsive\" alt=\"\" data-src=\"https:\/\/enlasys.net\/wp-content\/uploads\/2016\/06\/ps.png\" \/>\t\t\t\t\t\t\t\t\t\t\t\t\t\t\t\t\t\t\t\t\t<span class=\"zoom\" data-src=\"https:\/\/enlasys.net\/wp-content\/uploads\/2016\/06\/ps.png\" data-title=\"\"><i class=\"fas fa-search\"><\/i><\/span>\n\t\t\t\t\t\t\t\t\t\t\t\t\t\t\t\t\t\t\t\t\t\t\t<a class=\"link\" href=\"https:\/\/enlasys.net\/index.php\/member\/gustavo-marin\/\"><i class=\"fas fa-link\"><\/i><\/a>\t\t\t\t\t\t\t\t\t\t\t\t\t\t\t\t\t\t\t<\/div>\n\t\t\t\t\t\t\t\t<\/div>\n\t\t\t\t\t\t\t\t\t\t\t\t\t<\/div>\n\t\t\t\t<\/div>\n\t\t\t\t\t\t\t\t<\/div>\n\t\t<div class=\"col-md-7\">\n\t\t\t\t\t\t\t\t<h2 class=\"entry-title shorter\"><strong>Yaneth Calvo<\/strong><\/h2>\n\t\t\t<span class=\"vcard\" style=\"display: none;\"><span class=\"fn\"><a href=\"https:\/\/enlasys.net\/index.php\/author\/ingedward\/\" title=\"Entradas de ingedward\" rel=\"author\">ingedward<\/a><\/span><\/span><span class=\"updated\" style=\"display:none\">2021-07-08T12:03:14-05:00<\/span>\t\t\t<h4 class=\"member-role\">CEO<\/h4>\n\t\t\t\t\t\t<p class=\"lead\">Contadora con especializaci\u00f3n en tributaria, con mas de 25 a\u00f1os de experiencia en el \u00e1rea Administrativa , Facturaci\u00f3n electr\u00f3nica, Normatividad en gesti\u00f3n humana de ley, parafiscales y aportes de seguridad social.<\/p>\t\t\t\t\t\t\t<hr class=\"tall\">\n\t\t\t\t\t\t<div class=\"row align-items-center\">\n\t\t\t\t\t\t\t<div class=\"col-lg-6\">\n\t\t\t\t\t\t\t\t\t<a target=\"_blank\" class=\"btn btn-dark btn-modern mb-3 mb-lg-0\" href=\"#\">Get In Touch<\/a>\n\t\t\t\t\t\t\t\t\t\t\t\t\t<a class=\"btn btn-primary btn-modern mb-3 mb-lg-0\" href=\"https:\/\/enlasys.net\/index.php\/member\/gustavo-marin\/\">More<\/a>\n\t\t\t\t\t\t\t\t<\/div>\n\t\t\t\t\t\t\t\t\t\t<div class=\"col-lg-6 share-links-block d-flex justify-content-lg-end\">\n\t\t\t\t\t<h5>Follow Me<\/h5>\n\t\t\t\t\t<div class=\"member-share-links share-links\"><a href=\"#\" target=\"_blank\" data-tooltip data-placement=\"bottom\" title=\"Facebook\" class=\"share-facebook\">Facebook<\/a><a href=\"#\" target=\"_blank\" data-tooltip data-placement=\"bottom\" title=\"Twitter\" class=\"share-twitter\">Twitter<\/a><a href=\"#\"  target=\"_blank\" data-tooltip data-placement=\"bottom\" title=\"LinkedIn\" class=\"share-linkedin\">LinkedIn<\/a><\/div>\t\t\t\t<\/div>\n\t\t\t\t\t\t<\/div>\n\t\t<\/div>\n\t<\/div>\n\t\t\t<\/article>\n<article class=\"post-45 member type-member status-publish has-post-thumbnail hentry member_cat-design\">\n\n\n\t\n\t\t\t<div class=\"member-overview row\">\n\t\t\t\t<div class=\"col-md-5 order-md-2 mb-4 mb-lg-0\">\n\t\t\t\t\t\t\t<div class=\"member-image single\">\n\t\t\t\t\t\t\t\t\t\t<div class=\"member-slideshow porto-carousel owl-carousel\">\n\t\t\t\t\t\t\t\t\t\t\t\t\t\t<div>\n\t\t\t\t\t\t\t\t\t<div class=\"img-thumbnail\">\n\t\t\t\t\t\t\t\t\t\t<img loading=\"lazy\" decoding=\"async\" width=\"367\" height=\"367\" src=\"https:\/\/enlasys.net\/wp-content\/themes\/porto\/images\/lazy.png\" class=\"owl-lazy img-responsive\" alt=\"\" data-src=\"https:\/\/enlasys.net\/wp-content\/uploads\/2016\/06\/et.png\" \/>\t\t\t\t\t\t\t\t\t\t\t\t\t\t\t\t\t\t\t\t\t<span class=\"zoom\" data-src=\"https:\/\/enlasys.net\/wp-content\/uploads\/2016\/06\/et.png\" data-title=\"\"><i class=\"fas fa-search\"><\/i><\/span>\n\t\t\t\t\t\t\t\t\t\t\t\t\t\t\t\t\t\t\t\t\t\t\t<a class=\"link\" href=\"https:\/\/enlasys.net\/index.php\/member\/melinda-wolosky\/\"><i class=\"fas fa-link\"><\/i><\/a>\t\t\t\t\t\t\t\t\t\t\t\t\t\t\t\t\t\t\t<\/div>\n\t\t\t\t\t\t\t\t<\/div>\n\t\t\t\t\t\t\t\t\t\t\t\t\t<\/div>\n\t\t\t\t<\/div>\n\t\t\t\t\t\t\t\t<\/div>\n\t\t<div class=\"col-md-7\">\n\t\t\t\t\t\t\t\t<h2 class=\"entry-title shorter\"><strong>Edwing Torres<\/strong><\/h2>\n\t\t\t<span class=\"vcard\" style=\"display: none;\"><span class=\"fn\"><a href=\"https:\/\/enlasys.net\/index.php\/author\/ingedward\/\" title=\"Entradas de ingedward\" rel=\"author\">ingedward<\/a><\/span><\/span><span class=\"updated\" style=\"display:none\">2020-07-23T21:41:34-05:00<\/span>\t\t\t<h4 class=\"member-role\">Dise\u00f1ador Web<\/h4>\n\t\t\t\t\t\tIngeniero de sistemas con mas de 20 a\u00f1os de experiencia en el desarrollo de aplicativos Web, especialista en la instalaci\u00f3n de infraestructura de servidores de alto trafico, seguridad inform\u00e1tica, control de firewall, bloqueador hackers, control de Backup's en la nube, telefon\u00eda y c\u00e1maras de seguridad perimetral IP, OSD y UTP.\r\n\r\nConocedor de ambientes de hardware, switchs, elementos activos y pasivos de una red de datos tipo LAN y WAN.\t\t\t\t\t\t\t<hr class=\"tall\">\n\t\t\t\t\t\t<div class=\"row align-items-center\">\n\t\t\t\t\t\t\t<div class=\"col-lg-6\">\n\t\t\t\t\t\t\t\t\t<a target=\"_blank\" class=\"btn btn-dark btn-modern mb-3 mb-lg-0\" href=\"#\">Get In Touch<\/a>\n\t\t\t\t\t\t\t\t\t\t\t\t\t<a class=\"btn btn-primary btn-modern mb-3 mb-lg-0\" href=\"https:\/\/enlasys.net\/index.php\/member\/melinda-wolosky\/\">More<\/a>\n\t\t\t\t\t\t\t\t<\/div>\n\t\t\t\t\t\t\t\t\t\t<div class=\"col-lg-6 share-links-block d-flex justify-content-lg-end\">\n\t\t\t\t\t<h5>Follow Me<\/h5>\n\t\t\t\t\t<div class=\"member-share-links share-links\"><a href=\"#\" target=\"_blank\" data-tooltip data-placement=\"bottom\" title=\"Facebook\" class=\"share-facebook\">Facebook<\/a><a href=\"#\" target=\"_blank\" data-tooltip data-placement=\"bottom\" title=\"Twitter\" class=\"share-twitter\">Twitter<\/a><a href=\"#\"  target=\"_blank\" data-tooltip data-placement=\"bottom\" title=\"LinkedIn\" class=\"share-linkedin\">LinkedIn<\/a><\/div>\t\t\t\t<\/div>\n\t\t\t\t\t\t<\/div>\n\t\t<\/div>\n\t<\/div>\n\t\t\t<\/article>\n\t\t\t<\/div>\n\t\t\n\t\t\t\t\t<input type=\"hidden\" class=\"shortcode-id\" value=\"c556a7d409f96743afc591e8d94b7b9d\"\/>\n\t\t\t\t\t\t<div class=\"clearfix\"><\/div>\n\t\t\t<div class=\"pagination-wrap\">\n\t\t\t\t\t\t\t\t<div class=\"pagination\" role=\"navigation\">\n\t\t\t\t\t<span aria-current=\"page\" class=\"page-numbers current\">1<\/span><a class=\"page-numbers\" href=\"https:\/\/enlasys.net\/index.php\/wp-json\/wp\/v2\/pages\/1234\/page\/2\/\">2<\/a><a class=\"next page-numbers\" href=\"https:\/\/enlasys.net\/index.php\/wp-json\/wp\/v2\/pages\/1234\/page\/2\/\">Next&nbsp;&nbsp;<i class=\"fas fa-long-arrow-alt-right\"><\/i><\/a>\t\t\t\t<\/div>\n\t\t\t<\/div>\n\t\t\t\t\t\n\t<\/div>\n\n\t\n\t<\/div>[\/vc_column][\/vc_row]<\/p>\n","protected":false},"excerpt":{"rendered":"<p>[vc_row wrap_container=&#8221;yes&#8221; css=&#8221;.vc_custom_1543633105180{padding-top: 40px !important;}&#8221;][vc_column][\/vc_column][\/vc_row]<\/p>\n","protected":false},"author":1,"featured_media":0,"parent":0,"menu_order":0,"comment_status":"closed","ping_status":"closed","template":"","meta":{"footnotes":""},"class_list":["post-1234","page","type-page","status-publish","hentry"],"_links":{"self":[{"href":"https:\/\/enlasys.net\/index.php\/wp-json\/wp\/v2\/pages\/1234","targetHints":{"allow":["GET"]}}],"collection":[{"href":"https:\/\/enlasys.net\/index.php\/wp-json\/wp\/v2\/pages"}],"about":[{"href":"https:\/\/enlasys.net\/index.php\/wp-json\/wp\/v2\/types\/page"}],"author":[{"embeddable":true,"href":"https:\/\/enlasys.net\/index.php\/wp-json\/wp\/v2\/users\/1"}],"replies":[{"embeddable":true,"href":"https:\/\/enlasys.net\/index.php\/wp-json\/wp\/v2\/comments?post=1234"}],"version-history":[{"count":0,"href":"https:\/\/enlasys.net\/index.php\/wp-json\/wp\/v2\/pages\/1234\/revisions"}],"wp:attachment":[{"href":"https:\/\/enlasys.net\/index.php\/wp-json\/wp\/v2\/media?parent=1234"}],"curies":[{"name":"wp","href":"https:\/\/api.w.org\/{rel}","templated":true}]}}